{"id":546,"date":"2019-03-29T16:22:12","date_gmt":"2019-03-29T07:22:12","guid":{"rendered":"https:\/\/tti-c.com\/?page_id=546"},"modified":"2021-11-11T20:44:27","modified_gmt":"2021-11-11T11:44:27","slug":"vi-contact-and-career","status":"publish","type":"page","link":"https:\/\/tti-c.com\/?page_id=546&lang=vi","title":{"rendered":"T\u01b0 v\u1ea5n v\u00e0 Tuy\u1ec3n d\u1ee5ng"},"content":{"rendered":"\n\t\t\t<h1>T\u01b0 v\u1ea5n v\u00e0 Tuy\u1ec3n d\u1ee5ng<\/h1>\t\t\t\n\t\t\t<a href=\"\/vi\/vi-contact-and-career\/#contact-us\" target=\"_self\" role=\"button\" rel=\"noopener\">\n\t\t\t\t\t\t\tLi\u00ean h\u1ec7 ch\u00fang t\u00f4i\n\t\t<\/a>\n\t\t\t<h2>Tuy\u1ec3n d\u1ee5ng Nh\u00e2n l\u1ef1c<\/h2>\t\t\t\n\t\t\t\t<p>Nhu c\u1ea7u Nh\u00e2n l\u1ef1c c\u1ee7a ch\u00fang t\u00f4i nh\u01b0 sau<\/p>\n\t<h4>Sinh vi\u00ean \u0111\u1ea1i h\u1ecdc<\/h4>\n\tH\u1ed7 tr\u1ee3 c\u00f4ng vi\u1ec7c kh\u00e1c nhau<br \/>\nTh\u1eddi gian t\u1ef1 do<br \/>\nTh\u1eddi gian thanh to\u00e1n<br \/>\nT\u1eeb XX VND\/Gi\u1edd\n\t<h4>Gi\u00e1o vi\u00ean ti\u1ebfng Nh\u1eadt<\/h4>\n\tTr\u00ecnh \u0111\u1ed9 ti\u1ebfng nh\u1eadt N2 tr\u1edf l\u00ean<br \/>\nC\u00f3 gi\u00e1o tr\u00ecnh v\u00e0 kh\u1ea3 n\u0103ng vi\u1ebft \u0111\u1ec3 gi\u1ea3ng d\u1ea1y<br \/>\nT\u1eebng s\u1ed1ng \u1edf Nh\u1eadt qua<br \/>\nL\u01b0\u01a1ng h\u00e0ng n\u0103m t\u1eeb 100.000.000 tr\u1edf l\u00ean\n\t<h4>Thi\u1ebft k\u1ebf ngh\u1ec7 thu\u1eadt b\u00e1n th\u1eddi gian<\/h4>\n\tC\u00e1c b\u1ed9 ph\u1eadn li\u00ean quan<br \/>\nC\u00e1c m\u1ea3ng thanh to\u00e1n<br \/>\nNg\u01b0\u1eddi c\u00f3 kinh nghi\u1ec7m<br \/>\n\u01afu ti\u00ean c\u00f3 nh\u1eefng t\u00e1c ph\u1ea9m \u0111\u01b0\u1ee3c tham kh\u1ea3o\n\t<h4>Chuy\u00ean vi\u00ean nh\u00e2n s\u1ef1 b\u00e1n th\u1eddi gian<\/h4>\n\tT\u00ecm ki\u1ebfm ngu\u1ed3n Nh\u00e2n l\u1ef1c<br \/>\nC\u00e1c m\u1ea3ng thanh to\u00e1n<br \/>\nPh\u1ed1i h\u1ee3p h\u1ee3p t\u00e1c xin vui l\u00f2ng li\u00ean h\u1ec7 \u0111\u1ec3 bi\u1ebft th\u00eam chi ti\u1ebft\n\t\t\t<h2>Li\u00ean H\u1ec7\u00a0V\u1edbi Ch\u00fang T\u00f4i<\/h2>\t\t\t\n\t\t\t\tCh\u00fang t\u00f4i h\u01b0\u1edbng \u0111\u1ebfn kh\u00e1ch h\u00e0ng v\u00e0 hoan ngh\u00eanh b\u1ea1n \u0111\u1ebfn th\u0103m ch\u00fang t\u00f4i trong gi\u1edd l\u00e0m vi\u1ec7c.<br \/>\nNg\u01b0\u1eddi th\u00e2n c\u1ee7a b\u1ea1n c\u0169ng \u0111\u01b0\u1ee3c ch\u00e0o \u0111\u00f3n!\n\t\t\t<h3>Th\u00f4ng tin li\u00ean h\u1ec7<\/h3>\n\t<p><strong>Gi\u1edd l\u00e0m vi\u1ec7c<\/strong><\/p>\n\t<table>\n<tbody>\n<tr>\n<td>Th\u1ee9 hai \u0111\u1ebfn Th\u1ee9 n\u0103m<\/td>\n<td>S\u00e1ng 9:00 &#8211; chi\u1ec1u 21:00<\/td>\n<\/tr>\n<tr>\n<td>Th\u1ee9 s\u00e1u<\/td>\n<td>S\u00e1ng 9:00 &#8211; chi\u1ec1u 17:00<\/td>\n<\/tr>\n<tr>\n<td>Th\u1ee9 b\u00e3y \u0111\u1ebfn Ch\u1ee7 nh\u1eadt<\/td>\n<td>S\u00e1ng 9:00 &#8211; chi\u1ec1u 13:30<\/td>\n<\/tr>\n<\/tbody>\n<\/table>\n\t<strong>\u0110i\u1ec7n tho\u1ea1i<\/strong><br \/>\n<a href=\"tel:+840939346263\">+84 0939 346263<\/a> (\u0111i\u1ec7n tho\u1ea1i doanh nghi\u1ec7p)<br \/>\n<a href=\"tel:+8402923855858\">+84 0292 385 5858<\/a> (\u0111i\u1ec7n tho\u1ea1i c\u00f4ng ty)<br \/>\n<a href=\"tel:+8860918333903\">+886 0918 333903<\/a> (\u0110i\u1ec7n tho\u1ea1i doanh nghi\u1ec7p-\u0110\u00e0i Loan)\n<strong>Email<\/strong><br \/>\n<a href=\"mailto:toantam@tti-c.com\">toantam@tti-c.com<\/a>\n<strong>\u0110\u1ecba ch\u1ec9<\/strong><br \/>\nTOAN TAM INTERNATIONAL<br \/>\n214, Tr\u1ea7n H\u01b0ng \u0110\u1ea1o, Ph\u01b0\u1eddng An Nghi\u1ec7p, Qu\u1eadn Ninh Ki\u1ec1u, Tp C\u1ea7n Th\u01a1.<br \/>\n330 12F., No. 150, Cide St., Taoyuan Dist., Taoyuan City, Taiwan\n\t\t\t<h3>M\u1eabu li\u00ean h\u1ec7<\/h3>\n\t<p><iframe loading=\"lazy\" src=\"https:\/\/www.google.com\/maps\/embed?pb=!1m18!1m12!1m3!1d7857.56508923482!2d105.77103962983415!3d10.034795182359955!2m3!1f0!2f0!3f0!3m2!1i1024!2i768!4f13.1!3m3!1m2!1s0x31a08818c59d29ff%3A0xaf1d3ea9c19da217!2zMjE0IFRy4bqnbiBIxrBuZyDEkOG6oW8sIEFuIFBow7osIE5pbmggS2nhu4F1LCBD4bqnbiBUaMahLCBWaWV0bmFt!5e0!3m2!1sen!2shk!4v1551319790850\" width=\"100%\" height=\"400\" frameborder=\"0\" allowfullscreen><\/iframe><\/p>\n","protected":false},"excerpt":{"rendered":"<p>T\u01b0 v\u1ea5n v\u00e0 Tuy\u1ec3n d\u1ee5ng Li\u00ean h\u1ec7 ch\u00fang t\u00f4i Tuy\u1ec3n d\u1ee5ng Nh\u00e2n &hellip;<\/p>\n","protected":false},"author":1,"featured_media":0,"parent":0,"menu_order":0,"comment_status":"closed","ping_status":"closed","template":"","meta":{"footnotes":""},"class_list":["post-546","page","type-page","status-publish","hentry"],"yoast_head":"<!-- This site is optimized with the Yoast SEO plugin v27.4 - https:\/\/yoast.com\/product\/yoast-seo-wordpress\/ -->\n<title>T\u01b0 v\u1ea5n v\u00e0 Tuy\u1ec3n d\u1ee5ng - Toan Tam<\/title>\n<meta name=\"robots\" content=\"index, follow, max-snippet:-1, max-image-preview:large, max-video-preview:-1\" \/>\n<link rel=\"canonical\" href=\"https:\/\/tti-c.com\/?page_id=546&lang=vi\" \/>\n<meta property=\"og:locale\" content=\"zh_TW\" \/>\n<meta property=\"og:type\" content=\"article\" \/>\n<meta property=\"og:title\" content=\"T\u01b0 v\u1ea5n v\u00e0 Tuy\u1ec3n d\u1ee5ng - Toan Tam\" \/>\n<meta property=\"og:description\" content=\"T\u01b0 v\u1ea5n v\u00e0 Tuy\u1ec3n d\u1ee5ng Li\u00ean h\u1ec7 ch\u00fang t\u00f4i Tuy\u1ec3n d\u1ee5ng Nh\u00e2n &hellip;\" \/>\n<meta property=\"og:url\" content=\"https:\/\/tti-c.com\/?page_id=546&amp;lang=vi\" \/>\n<meta property=\"og:site_name\" content=\"Toan Tam\" \/>\n<meta property=\"article:modified_time\" content=\"2021-11-11T11:44:27+00:00\" \/>\n<meta name=\"twitter:card\" content=\"summary_large_image\" \/>\n<meta name=\"twitter:label1\" content=\"\u9810\u4f30\u95b1\u8b80\u6642\u9593\" \/>\n\t<meta name=\"twitter:data1\" content=\"2 \u5206\u9418\" \/>\n<script type=\"application\/ld+json\" class=\"yoast-schema-graph\">{\"@context\":\"https:\\\/\\\/schema.org\",\"@graph\":[{\"@type\":\"WebPage\",\"@id\":\"https:\\\/\\\/tti-c.com\\\/?page_id=546&lang=vi\",\"url\":\"https:\\\/\\\/tti-c.com\\\/?page_id=546&lang=vi\",\"name\":\"T\u01b0 v\u1ea5n v\u00e0 Tuy\u1ec3n d\u1ee5ng - Toan Tam\",\"isPartOf\":{\"@id\":\"https:\\\/\\\/tti-c.com\\\/#website\"},\"datePublished\":\"2019-03-29T07:22:12+00:00\",\"dateModified\":\"2021-11-11T11:44:27+00:00\",\"breadcrumb\":{\"@id\":\"https:\\\/\\\/tti-c.com\\\/?page_id=546&lang=vi#breadcrumb\"},\"inLanguage\":\"zh-TW\",\"potentialAction\":[{\"@type\":\"ReadAction\",\"target\":[\"https:\\\/\\\/tti-c.com\\\/?page_id=546&lang=vi\"]}]},{\"@type\":\"BreadcrumbList\",\"@id\":\"https:\\\/\\\/tti-c.com\\\/?page_id=546&lang=vi#breadcrumb\",\"itemListElement\":[{\"@type\":\"ListItem\",\"position\":1,\"name\":\"\u9996\u9801\",\"item\":\"https:\\\/\\\/tti-c.com\\\/\"},{\"@type\":\"ListItem\",\"position\":2,\"name\":\"T\u01b0 v\u1ea5n v\u00e0 Tuy\u1ec3n d\u1ee5ng\"}]},{\"@type\":\"WebSite\",\"@id\":\"https:\\\/\\\/tti-c.com\\\/#website\",\"url\":\"https:\\\/\\\/tti-c.com\\\/\",\"name\":\"Toan Tam\",\"description\":\"\",\"potentialAction\":[{\"@type\":\"SearchAction\",\"target\":{\"@type\":\"EntryPoint\",\"urlTemplate\":\"https:\\\/\\\/tti-c.com\\\/?s={search_term_string}\"},\"query-input\":{\"@type\":\"PropertyValueSpecification\",\"valueRequired\":true,\"valueName\":\"search_term_string\"}}],\"inLanguage\":\"zh-TW\"}]}<\/script>\n<!-- \/ Yoast SEO plugin. -->","yoast_head_json":{"title":"T\u01b0 v\u1ea5n v\u00e0 Tuy\u1ec3n d\u1ee5ng - Toan Tam","robots":{"index":"index","follow":"follow","max-snippet":"max-snippet:-1","max-image-preview":"max-image-preview:large","max-video-preview":"max-video-preview:-1"},"canonical":"https:\/\/tti-c.com\/?page_id=546&lang=vi","og_locale":"zh_TW","og_type":"article","og_title":"T\u01b0 v\u1ea5n v\u00e0 Tuy\u1ec3n d\u1ee5ng - Toan Tam","og_description":"T\u01b0 v\u1ea5n v\u00e0 Tuy\u1ec3n d\u1ee5ng Li\u00ean h\u1ec7 ch\u00fang t\u00f4i Tuy\u1ec3n d\u1ee5ng Nh\u00e2n &hellip;","og_url":"https:\/\/tti-c.com\/?page_id=546&lang=vi","og_site_name":"Toan Tam","article_modified_time":"2021-11-11T11:44:27+00:00","twitter_card":"summary_large_image","twitter_misc":{"\u9810\u4f30\u95b1\u8b80\u6642\u9593":"2 \u5206\u9418"},"schema":{"@context":"https:\/\/schema.org","@graph":[{"@type":"WebPage","@id":"https:\/\/tti-c.com\/?page_id=546&lang=vi","url":"https:\/\/tti-c.com\/?page_id=546&lang=vi","name":"T\u01b0 v\u1ea5n v\u00e0 Tuy\u1ec3n d\u1ee5ng - Toan Tam","isPartOf":{"@id":"https:\/\/tti-c.com\/#website"},"datePublished":"2019-03-29T07:22:12+00:00","dateModified":"2021-11-11T11:44:27+00:00","breadcrumb":{"@id":"https:\/\/tti-c.com\/?page_id=546&lang=vi#breadcrumb"},"inLanguage":"zh-TW","potentialAction":[{"@type":"ReadAction","target":["https:\/\/tti-c.com\/?page_id=546&lang=vi"]}]},{"@type":"BreadcrumbList","@id":"https:\/\/tti-c.com\/?page_id=546&lang=vi#breadcrumb","itemListElement":[{"@type":"ListItem","position":1,"name":"\u9996\u9801","item":"https:\/\/tti-c.com\/"},{"@type":"ListItem","position":2,"name":"T\u01b0 v\u1ea5n v\u00e0 Tuy\u1ec3n d\u1ee5ng"}]},{"@type":"WebSite","@id":"https:\/\/tti-c.com\/#website","url":"https:\/\/tti-c.com\/","name":"Toan Tam","description":"","potentialAction":[{"@type":"SearchAction","target":{"@type":"EntryPoint","urlTemplate":"https:\/\/tti-c.com\/?s={search_term_string}"},"query-input":{"@type":"PropertyValueSpecification","valueRequired":true,"valueName":"search_term_string"}}],"inLanguage":"zh-TW"}]}},"_links":{"self":[{"href":"https:\/\/tti-c.com\/index.php?rest_route=\/wp\/v2\/pages\/546","targetHints":{"allow":["GET"]}}],"collection":[{"href":"https:\/\/tti-c.com\/index.php?rest_route=\/wp\/v2\/pages"}],"about":[{"href":"https:\/\/tti-c.com\/index.php?rest_route=\/wp\/v2\/types\/page"}],"author":[{"embeddable":true,"href":"https:\/\/tti-c.com\/index.php?rest_route=\/wp\/v2\/users\/1"}],"replies":[{"embeddable":true,"href":"https:\/\/tti-c.com\/index.php?rest_route=%2Fwp%2Fv2%2Fcomments&post=546"}],"version-history":[{"count":34,"href":"https:\/\/tti-c.com\/index.php?rest_route=\/wp\/v2\/pages\/546\/revisions"}],"predecessor-version":[{"id":940,"href":"https:\/\/tti-c.com\/index.php?rest_route=\/wp\/v2\/pages\/546\/revisions\/940"}],"wp:attachment":[{"href":"https:\/\/tti-c.com\/index.php?rest_route=%2Fwp%2Fv2%2Fmedia&parent=546"}],"curies":[{"name":"wp","href":"https:\/\/api.w.org\/{rel}","templated":true}]}}