{"id":538,"date":"2019-03-29T16:00:37","date_gmt":"2019-03-29T07:00:37","guid":{"rendered":"https:\/\/tti-c.com\/?page_id=538"},"modified":"2021-11-11T20:24:34","modified_gmt":"2021-11-11T11:24:34","slug":"vi-investment","status":"publish","type":"page","link":"https:\/\/tti-c.com\/?page_id=538&lang=vi","title":{"rendered":"Khu V\u1ef1c \u0110\u1ea7u T\u01b0"},"content":{"rendered":"\n<h1>Khu V\u1ef1c \u0110\u1ea7u T\u01b0<\/h1>\t\t\t\n\t\t\t<a href=\"\/vi\/vi-contact-and-career\/\" target=\"_self\" role=\"button\" rel=\"noopener noreferrer\">\n\t\t\t\t\t\t\tLi\u00ean h\u1ec7 ch\u00fang t\u00f4i\n\t\t<\/a>\n\t\t\t<h2>D\u1ef1 \u00e1n \u0111\u1ea1i l\u00fd li\u00ean quan \u0111\u1ebfn nh\u1eadt b\u1ea3n<\/h2>\t\t\t\n\t\t\t\t<img loading=\"lazy\" decoding=\"async\" src=\"https:\/\/tti-c.com\/wp-content\/uploads\/2019\/02\/investment-img01.jpg\" alt=\"investment-img01\" itemprop=\"image\" height=\"396\" width=\"600\" title=\"investment-img01\" onerror=\"this.style.display='none'\">\n\t<p><strong>B\u1ea5t \u0111\u1ed9ng s\u1ea3n <\/strong>S\u1eafp c\u00f3, Xin h\u00e3y ch\u1edd<\/p>\n\t<ul>\n\t\t<li>\t\t\t\t\n\t\tK\u00fd qu\u1ef9 \u0111\u1ea7u t\u01b0 b\u1ea5t \u0111\u1ed9ng s\u1ea3n Nh\u1eadt B\u1ea3n v\u1edbi t\u1ef7 l\u1ec7 b\u00e1o c\u00e1o h\u00e0ng n\u0103m l\u00e0 6%+<\/li><li>\t\t\t\t\n\t\tR\u1ee7i ro th\u1ea5p, \u1ed5n \u0111\u1ecbnh cao<\/li>\t<\/ul>\n\t<p><strong>Kinh doanh \u0111\u1ed3 u\u1ed1ng <\/strong>S\u1eafp c\u00f3, Xin h\u00e3y ch\u1edd<\/p>\n\t<ul>\n\t\t<li>\t\t\t\t\n\t\tKinh doanh \u0111\u1ed3 u\u1ed1ng v\u1edbi l\u1ee3i t\u1ee9c \u0111\u1ea7u t\u01b0 c\u1ef1c cao<\/li><li>\t\t\t\t\n\t\tR\u1ee7i ro trung b\u00ecnh v\u00e0 cao, t\u1ef7 l\u1ec7 b\u00e1o c\u00e1o cao<\/li>\t<\/ul>\n\t\t\t\t<img loading=\"lazy\" decoding=\"async\" src=\"https:\/\/tti-c.com\/wp-content\/uploads\/2019\/03\/Toan-Tam-04-feature-02.jpg\" alt=\"Toan-Tam-04-feature-02\" itemprop=\"image\" height=\"396\" width=\"600\" title=\"Toan-Tam-04-feature-02\" onerror=\"this.style.display='none'\">\n","protected":false},"excerpt":{"rendered":"<p>Khu V\u1ef1c \u0110\u1ea7u T\u01b0 Li\u00ean h\u1ec7 ch\u00fang t\u00f4i D\u1ef1 \u00e1n \u0111\u1ea1i l\u00fd li\u00ean quan&hellip;<\/p>\n","protected":false},"author":1,"featured_media":0,"parent":0,"menu_order":0,"comment_status":"closed","ping_status":"closed","template":"","meta":{"footnotes":""},"class_list":["post-538","page","type-page","status-publish","hentry"],"yoast_head":"<!-- This site is optimized with the Yoast SEO plugin v27.4 - https:\/\/yoast.com\/product\/yoast-seo-wordpress\/ -->\n<title>Khu V\u1ef1c \u0110\u1ea7u T\u01b0 - Toan Tam<\/title>\n<meta name=\"robots\" content=\"index, follow, max-snippet:-1, max-image-preview:large, max-video-preview:-1\" \/>\n<link rel=\"canonical\" href=\"https:\/\/tti-c.com\/?page_id=538&lang=vi\" \/>\n<meta property=\"og:locale\" content=\"zh_TW\" \/>\n<meta property=\"og:type\" content=\"article\" \/>\n<meta property=\"og:title\" content=\"Khu V\u1ef1c \u0110\u1ea7u T\u01b0 - Toan Tam\" \/>\n<meta property=\"og:description\" content=\"Khu V\u1ef1c \u0110\u1ea7u T\u01b0 Li\u00ean h\u1ec7 ch\u00fang t\u00f4i D\u1ef1 \u00e1n \u0111\u1ea1i l\u00fd li\u00ean quan&hellip;\" \/>\n<meta property=\"og:url\" content=\"https:\/\/tti-c.com\/?page_id=538&amp;lang=vi\" \/>\n<meta property=\"og:site_name\" content=\"Toan Tam\" \/>\n<meta property=\"article:modified_time\" content=\"2021-11-11T11:24:34+00:00\" \/>\n<meta property=\"og:image\" content=\"https:\/\/tti-c.com\/wp-content\/uploads\/2019\/02\/investment-img01.jpg\" \/>\n<meta name=\"twitter:card\" content=\"summary_large_image\" \/>\n<meta name=\"twitter:label1\" content=\"\u9810\u4f30\u95b1\u8b80\u6642\u9593\" \/>\n\t<meta name=\"twitter:data1\" content=\"1 \u5206\u9418\" \/>\n<script type=\"application\/ld+json\" class=\"yoast-schema-graph\">{\"@context\":\"https:\\\/\\\/schema.org\",\"@graph\":[{\"@type\":\"WebPage\",\"@id\":\"https:\\\/\\\/tti-c.com\\\/?page_id=538&lang=vi\",\"url\":\"https:\\\/\\\/tti-c.com\\\/?page_id=538&lang=vi\",\"name\":\"Khu V\u1ef1c \u0110\u1ea7u T\u01b0 - Toan Tam\",\"isPartOf\":{\"@id\":\"https:\\\/\\\/tti-c.com\\\/#website\"},\"primaryImageOfPage\":{\"@id\":\"https:\\\/\\\/tti-c.com\\\/?page_id=538&lang=vi#primaryimage\"},\"image\":{\"@id\":\"https:\\\/\\\/tti-c.com\\\/?page_id=538&lang=vi#primaryimage\"},\"thumbnailUrl\":\"https:\\\/\\\/tti-c.com\\\/wp-content\\\/uploads\\\/2019\\\/02\\\/investment-img01.jpg\",\"datePublished\":\"2019-03-29T07:00:37+00:00\",\"dateModified\":\"2021-11-11T11:24:34+00:00\",\"breadcrumb\":{\"@id\":\"https:\\\/\\\/tti-c.com\\\/?page_id=538&lang=vi#breadcrumb\"},\"inLanguage\":\"zh-TW\",\"potentialAction\":[{\"@type\":\"ReadAction\",\"target\":[\"https:\\\/\\\/tti-c.com\\\/?page_id=538&lang=vi\"]}]},{\"@type\":\"ImageObject\",\"inLanguage\":\"zh-TW\",\"@id\":\"https:\\\/\\\/tti-c.com\\\/?page_id=538&lang=vi#primaryimage\",\"url\":\"https:\\\/\\\/tti-c.com\\\/wp-content\\\/uploads\\\/2019\\\/02\\\/investment-img01.jpg\",\"contentUrl\":\"https:\\\/\\\/tti-c.com\\\/wp-content\\\/uploads\\\/2019\\\/02\\\/investment-img01.jpg\",\"width\":600,\"height\":396},{\"@type\":\"BreadcrumbList\",\"@id\":\"https:\\\/\\\/tti-c.com\\\/?page_id=538&lang=vi#breadcrumb\",\"itemListElement\":[{\"@type\":\"ListItem\",\"position\":1,\"name\":\"\u9996\u9801\",\"item\":\"https:\\\/\\\/tti-c.com\\\/\"},{\"@type\":\"ListItem\",\"position\":2,\"name\":\"Khu V\u1ef1c \u0110\u1ea7u T\u01b0\"}]},{\"@type\":\"WebSite\",\"@id\":\"https:\\\/\\\/tti-c.com\\\/#website\",\"url\":\"https:\\\/\\\/tti-c.com\\\/\",\"name\":\"Toan Tam\",\"description\":\"\",\"potentialAction\":[{\"@type\":\"SearchAction\",\"target\":{\"@type\":\"EntryPoint\",\"urlTemplate\":\"https:\\\/\\\/tti-c.com\\\/?s={search_term_string}\"},\"query-input\":{\"@type\":\"PropertyValueSpecification\",\"valueRequired\":true,\"valueName\":\"search_term_string\"}}],\"inLanguage\":\"zh-TW\"}]}<\/script>\n<!-- \/ Yoast SEO plugin. -->","yoast_head_json":{"title":"Khu V\u1ef1c \u0110\u1ea7u T\u01b0 - Toan Tam","robots":{"index":"index","follow":"follow","max-snippet":"max-snippet:-1","max-image-preview":"max-image-preview:large","max-video-preview":"max-video-preview:-1"},"canonical":"https:\/\/tti-c.com\/?page_id=538&lang=vi","og_locale":"zh_TW","og_type":"article","og_title":"Khu V\u1ef1c \u0110\u1ea7u T\u01b0 - Toan Tam","og_description":"Khu V\u1ef1c \u0110\u1ea7u T\u01b0 Li\u00ean h\u1ec7 ch\u00fang t\u00f4i D\u1ef1 \u00e1n \u0111\u1ea1i l\u00fd li\u00ean quan&hellip;","og_url":"https:\/\/tti-c.com\/?page_id=538&lang=vi","og_site_name":"Toan Tam","article_modified_time":"2021-11-11T11:24:34+00:00","og_image":[{"url":"https:\/\/tti-c.com\/wp-content\/uploads\/2019\/02\/investment-img01.jpg","type":"","width":"","height":""}],"twitter_card":"summary_large_image","twitter_misc":{"\u9810\u4f30\u95b1\u8b80\u6642\u9593":"1 \u5206\u9418"},"schema":{"@context":"https:\/\/schema.org","@graph":[{"@type":"WebPage","@id":"https:\/\/tti-c.com\/?page_id=538&lang=vi","url":"https:\/\/tti-c.com\/?page_id=538&lang=vi","name":"Khu V\u1ef1c \u0110\u1ea7u T\u01b0 - Toan Tam","isPartOf":{"@id":"https:\/\/tti-c.com\/#website"},"primaryImageOfPage":{"@id":"https:\/\/tti-c.com\/?page_id=538&lang=vi#primaryimage"},"image":{"@id":"https:\/\/tti-c.com\/?page_id=538&lang=vi#primaryimage"},"thumbnailUrl":"https:\/\/tti-c.com\/wp-content\/uploads\/2019\/02\/investment-img01.jpg","datePublished":"2019-03-29T07:00:37+00:00","dateModified":"2021-11-11T11:24:34+00:00","breadcrumb":{"@id":"https:\/\/tti-c.com\/?page_id=538&lang=vi#breadcrumb"},"inLanguage":"zh-TW","potentialAction":[{"@type":"ReadAction","target":["https:\/\/tti-c.com\/?page_id=538&lang=vi"]}]},{"@type":"ImageObject","inLanguage":"zh-TW","@id":"https:\/\/tti-c.com\/?page_id=538&lang=vi#primaryimage","url":"https:\/\/tti-c.com\/wp-content\/uploads\/2019\/02\/investment-img01.jpg","contentUrl":"https:\/\/tti-c.com\/wp-content\/uploads\/2019\/02\/investment-img01.jpg","width":600,"height":396},{"@type":"BreadcrumbList","@id":"https:\/\/tti-c.com\/?page_id=538&lang=vi#breadcrumb","itemListElement":[{"@type":"ListItem","position":1,"name":"\u9996\u9801","item":"https:\/\/tti-c.com\/"},{"@type":"ListItem","position":2,"name":"Khu V\u1ef1c \u0110\u1ea7u T\u01b0"}]},{"@type":"WebSite","@id":"https:\/\/tti-c.com\/#website","url":"https:\/\/tti-c.com\/","name":"Toan Tam","description":"","potentialAction":[{"@type":"SearchAction","target":{"@type":"EntryPoint","urlTemplate":"https:\/\/tti-c.com\/?s={search_term_string}"},"query-input":{"@type":"PropertyValueSpecification","valueRequired":true,"valueName":"search_term_string"}}],"inLanguage":"zh-TW"}]}},"_links":{"self":[{"href":"https:\/\/tti-c.com\/index.php?rest_route=\/wp\/v2\/pages\/538","targetHints":{"allow":["GET"]}}],"collection":[{"href":"https:\/\/tti-c.com\/index.php?rest_route=\/wp\/v2\/pages"}],"about":[{"href":"https:\/\/tti-c.com\/index.php?rest_route=\/wp\/v2\/types\/page"}],"author":[{"embeddable":true,"href":"https:\/\/tti-c.com\/index.php?rest_route=\/wp\/v2\/users\/1"}],"replies":[{"embeddable":true,"href":"https:\/\/tti-c.com\/index.php?rest_route=%2Fwp%2Fv2%2Fcomments&post=538"}],"version-history":[{"count":8,"href":"https:\/\/tti-c.com\/index.php?rest_route=\/wp\/v2\/pages\/538\/revisions"}],"predecessor-version":[{"id":931,"href":"https:\/\/tti-c.com\/index.php?rest_route=\/wp\/v2\/pages\/538\/revisions\/931"}],"wp:attachment":[{"href":"https:\/\/tti-c.com\/index.php?rest_route=%2Fwp%2Fv2%2Fmedia&parent=538"}],"curies":[{"name":"wp","href":"https:\/\/api.w.org\/{rel}","templated":true}]}}