{"id":530,"date":"2019-03-29T15:29:26","date_gmt":"2019-03-29T06:29:26","guid":{"rendered":"https:\/\/tti-c.com\/?page_id=530"},"modified":"2019-05-29T16:09:16","modified_gmt":"2019-05-29T07:09:16","slug":"vi-japanese-learning","status":"publish","type":"page","link":"https:\/\/tti-c.com\/?page_id=530&lang=vi","title":{"rendered":"L\u1edbp D\u1ea1y Ti\u1ebfng Nh\u1eadt"},"content":{"rendered":"\n\t\t\t<h1>L\u1edbp D\u1ea1y Ti\u1ebfng Nh\u1eadt<\/h1>\t\t\t\n\t\t\t\t<p>Giao cho Trung t\u00e2m ngo\u1ea1i ng\u1eef\u00a0\u0110\u1ea1i h\u1ecdc C\u1ea7n Th\u01a1\u00a0cung c\u1ea5p cho\u00a0c\u00f4ng ty\u00a0gi\u1ea3ng d\u1ea1y chuy\u00ean nghi\u1ec7p<\/p>\n\t\t\t<h2>Kh\u00f3a h\u1ecdc 200 gi\u1edd c\u1ea5p t\u1ed1c<\/h2>\t\t\t\n\t\t\t\t<p>Gi\u00fap b\u1ea1n nhanh nh\u1ea5t c\u00f3 th\u1ec3\u00a0b\u1eaft\u00a0\u0111\u1ea7u thay\u00a0\u0111\u1ed5i l\u1edbn nh\u1ea5t trong cu\u1ed9c s\u1ed1ng c\u1ee7a b\u1ea1n<\/p>\n\t\t\t\t<img decoding=\"async\" src=\"https:\/\/tti-c.com\/wp-content\/uploads\/2019\/02\/teaching-img.jpg\" alt=\"teaching-img\" itemprop=\"image\"\/>\n\t\t\t<h4>N\u1ed9i dung c\u1ee7a kh\u00f3a h\u1ecdc s\u01a1 c\u1ea5p N5<\/h4>\n\t\t\t\t<h5><strong>C\u00f3 th\u1ec3\u00a0hi\u1ec3u ti\u1ebfng Nh\u1eadt c\u01a1\u00a0b\u1ea3n n\u00f3i chung T\u1ed5ng s\u1ed1\u00a0gi\u1edd\u00a0l\u00e0 160 gi\u1edd.<\/strong><\/h5>\n<p>\u25cf <strong>\u0111\u1ecdc<\/strong><br \/>C\u00f3 th\u1ec3\u00a0hi\u1ec3u c\u00e1c t\u1eeb\u00a0c\u1ed1\u00a0\u0111\u1ecbnh, b\u00e0i ti\u1ec3u lu\u1eadn v\u00e0 b\u00e0i vi\u1ebft\u00a0\u0111\u01b0\u1ee3c vi\u1ebft b\u1eb1ng hiragana, katakana ho\u1eb7c c\u00e1c k\u00fd t\u1ef1\u00a0ti\u1ebfng\u00a0nh\u1eadt\u00a0c\u01a1\u00a0b\u1ea3n\u00a0\u0111\u01b0\u1ee3c s\u1eed\u00a0d\u1ee5ng trong cu\u1ed9c s\u1ed1ng h\u00e0ng ng\u00e0y.\u3002<br \/>\u25cf <strong>Nghe<\/strong><br \/>Trong c\u00e1c t\u00ecnh hu\u1ed1ng nh\u01b0\u00a0l\u1edbp h\u1ecdc ho\u1eb7c xung quanh, ch\u1eb3ng h\u1ea1n nh\u01b0\u00a0c\u00e1c cu\u1ed9c h\u1ed9i tho\u1ea1i h\u00e0ng ng\u00e0y, ch\u1eb3ng h\u1ea1n nh\u01b0\u00a0c\u00e1c cu\u1ed9c h\u1ed9i tho\u1ea1i ng\u1eafn v\u1edbi t\u1ed1c\u00a0\u0111\u1ed9\u00a0ch\u1eadm h\u01a1n, b\u1ea1n c\u00f3 th\u1ec3\u00a0l\u1eafng nghe th\u00f4ng tin c\u1ea7n thi\u1ebft.<\/p>\n\t\t\t<h4>Kh\u00f3a h\u1ecdc chuy\u00ean s\u00e2u li\u00ean quan\u00a0\u0111\u1ebfn c\u00f4ng vi\u1ec7c<\/h4>\n\t\t\t\t<h5><strong>\u0110\u1ec3\u00a0th\u00edch h\u1ee3p v\u00e0o n\u1ed9i dung\u00a0\u0111\u1eb7c bi\u1ec7t c\u1ee7a m\u00f4i tr\u01b0\u1eddng l\u00e0m vi\u1ec7c, kho\u1ea3ng 40 gi\u1edd<\/strong><\/h5>\n<strong>\u0110\u00e0o t\u1ea1o chuy\u00ean s\u00e2u k\u1ef9\u00a0thu\u1eadt s\u1ed1<\/strong><br \/>\nC\u1ee7ng c\u1ed1\u00a0b\u1ed9\u00a0nh\u1edb\u00a0b\u1eb1ng s\u1ed1, ng\u00e0y,\u00a0\u0111\u1ecbnh l\u01b0\u1ee3ng, v.v.\n<strong>T\u1eeb\u00a0\u0111\u1eb7c bi\u1ec7t cho c\u00f4ng vi\u1ec7c<\/strong><br \/>\n\u0110\u00e0o t\u1ea1o\u00a0\u0111\u1ed1i tho\u1ea1i th\u01b0\u1eddng\u00a0\u0111\u01b0\u1ee3c s\u1eed\u00a0d\u1ee5ng trong dduoc c\u00f4ng vi\u1ec7c\n\t\t\t<h2>L\u1edbp h\u1ecdc 350+ gi\u1edd b\u1ed3i d\u01b0\u1ee1ng ki\u1ebfn th\u1ee9c<\/h2>\t\t\t\n\t\t\t\t<p>T\u0103ng c\u01b0\u1eddng s\u1ee9c m\u1ea1nh , gi\u00fap b\u1ea1n th\u00edch nghi nhanh ch\u00f3ng trong m\u00f4i tr\u01b0\u1eddng m\u1edbi<\/p>\n\t\t\t\t<img decoding=\"async\" src=\"https:\/\/tti-c.com\/wp-content\/uploads\/2019\/02\/teaching-img2.jpg\" alt=\"teaching-img2\" itemprop=\"image\"\/>\n\t\t\t<h4>N\u1ed9i dung\u00a0kh\u00f3a h\u1ecdc\u00a0N4<\/h4>\n\t\t\t\t<h5><strong>C\u00f3 th\u1ec3\u00a0hi\u1ec3u ti\u1ebfng Nh\u1eadt c\u01a1\u00a0b\u1ea3n 160 gi\u1edd<\/strong><\/h5>\n<p>\u25cf <strong>\u0111\u1ecdc<\/strong><br \/>B\u1ea1n c\u00f3 th\u1ec3 \u0111\u1ecdc c\u00e1c b\u00e0i vi\u1ebft li\u00ean quan \u0111\u1ebfn c\u00e1c ch\u1ee7 \u0111\u1ec1 li\u00ean quan \u0111\u1ebfn cu\u1ed9c s\u1ed1ng h\u00e0ng ng\u00e0y b\u1eb1ng t\u1eeb v\u1ef1ng c\u01a1 b\u1ea3n v\u00e0 c\u00e1c k\u00fd t\u1ef1 ti\u1ebfng H\u00e1n.<br \/>\u25cf <strong>Nghe<\/strong><br \/>Trong c\u00e1c t\u00ecnh hu\u1ed1ng nh\u01b0\u00a0l\u1edbp h\u1ecdc ho\u1eb7c xung quanh, ch\u1eb3ng h\u1ea1n nh\u01b0\u00a0c\u00e1c cu\u1ed9c h\u1ed9i tho\u1ea1i h\u00e0ng ng\u00e0y, ch\u1eb3ng h\u1ea1n nh\u01b0\u00a0c\u00e1c cu\u1ed9c h\u1ed9i tho\u1ea1i ng\u1eafn v\u1edbi t\u1ed1c\u00a0\u0111\u1ed9\u00a0ch\u1eadm h\u01a1n, b\u1ea1n c\u00f3 th\u1ec3\u00a0l\u1eafng nghe th\u00f4ng tin c\u1ea7n thi\u1ebft.<\/p>\n\t\t\t<h4>N\u1ed9i dung\u00a0kh\u00f3a h\u1ecdc\u00a0N4<\/h4>\n\t\t\t\t<h5><strong>C\u00f3 th\u1ec3\u00a0hi\u1ec3u ti\u1ebfng Nh\u1eadt c\u01a1\u00a0b\u1ea3n 160 gi\u1edd<\/strong><\/h5>\n<p>\u25cf <strong>\u0111\u1ecdc<\/strong><br \/>B\u1ea1n c\u00f3 th\u1ec3 \u0111\u1ecdc c\u00e1c b\u00e0i vi\u1ebft li\u00ean quan \u0111\u1ebfn c\u00e1c ch\u1ee7 \u0111\u1ec1 li\u00ean quan \u0111\u1ebfn cu\u1ed9c s\u1ed1ng h\u00e0ng ng\u00e0y b\u1eb1ng t\u1eeb v\u1ef1ng c\u01a1 b\u1ea3n v\u00e0 c\u00e1c k\u00fd t\u1ef1 ti\u1ebfng H\u00e1n.<br \/>\u25cf <strong>D\u1ef1 \u00e1n th\u1ee9 hai<\/strong><br \/>N\u00f3i chung c\u00f3 th\u1ec3 hi\u1ec3u cu\u1ed9c tr\u00f2 chuy\u1ec7n h\u00e0ng ng\u00e0y v\u1edbi t\u1ed1c \u0111\u1ed9 ch\u1eadm h\u01a1n<\/p>\n\t\t\t<h4>Kh\u00f3a h\u1ecdc chuy\u00ean s\u00e2u li\u00ean quan\u00a0\u0111\u1ebfn c\u00f4ng vi\u1ec7c<\/h4>\n\t\t\t\t<h5><strong>\u0110\u1ec3\u00a0th\u00edch h\u1ee3p v\u00e0o n\u1ed9i dung\u00a0\u0111\u1eb7c bi\u1ec7t c\u1ee7a m\u00f4i tr\u01b0\u1eddng l\u00e0m vi\u1ec7c, kho\u1ea3ng 40 gi\u1edd<\/strong><\/h5>\n\u25cf <strong>\u0110\u00e0o t\u1ea1o chuy\u00ean s\u00e2u k\u1ef9\u00a0thu\u1eadt s\u1ed1<\/strong><br \/>\nC\u1ee7ng c\u1ed1\u00a0b\u1ed9\u00a0nh\u1edb\u00a0b\u1eb1ng s\u1ed1, ng\u00e0y,\u00a0\u0111\u1ecbnh l\u01b0\u1ee3ng, v.v.<br \/>\n\u25cf <strong>T\u1eeb\u00a0\u0111\u1eb7c bi\u1ec7t cho c\u00f4ng vi\u1ec7c<\/strong><br \/>\n\u0110\u00e0o t\u1ea1o\u00a0\u0111\u1ed1i tho\u1ea1i th\u01b0\u1eddng\u00a0\u0111\u01b0\u1ee3c s\u1eed\u00a0d\u1ee5ng trong dduoc c\u00f4ng vi\u1ec7c<br \/>\n\u25cf <strong>Thay \u0111\u1ed5i th\u1ef1c h\u00e0nh c\u00e2u<\/strong><br \/>\nC\u1ed1\u00a0g\u1eafng th\u1ec3\u00a0hi\u1ec7n s\u1ef1\u00a0h\u1ea5p d\u1eabn c\u1ee7a b\u1ea1n b\u1eb1ng ng\u00f4n ng\u1eef\u00a0ti\u1ebfng Nh\u1eadt c\u01a1\u00a0b\u1ea3n m\u00e0 b\u1ea1n\u00a0\u0111\u00e3\u00a0h\u1ecdc.\n\t\t\t<h2>D\u1ea1y h\u1ecdc t\u00f9y bi\u1ebfn<\/h2>\t\t\t\n\t\t\t<h4>\u0110\u00e1nh gi\u00e1 kh\u1ea3\u00a0n\u0103ng<\/h4>\t\t\n\t\t\t\t<img decoding=\"async\" src=\"https:\/\/tti-c.com\/wp-content\/uploads\/2019\/02\/service-img01.jpg\" alt=\"service-img01\" itemprop=\"image\"\/>\n\t\t\t\t<p>Bi\u1ebft tr\u00ecnh\u00a0\u0111\u1ed9\u00a0hi\u1ec7n t\u1ea1i c\u1ee7a b\u1ea1n th\u00f4ng qua m\u1ed9t b\u00e0i ki\u1ec3m tra\u00a0\u0111\u01a1n gi\u1ea3n<\/p>\n\t\t\t<h4>Hi\u1ec3u\u00a0\u0111\u01b0\u1ee3c\u00a0m\u1ee5c\u00a0\u0111\u00edch h\u1ecdc t\u1eadp<\/h4>\t\t\n\t\t\t\t<img decoding=\"async\" src=\"https:\/\/tti-c.com\/wp-content\/uploads\/2019\/02\/service-img02.jpg\" alt=\"service-img02\" itemprop=\"image\"\/>\n\t\t\t\t<p>Cung c\u1ea5p l\u1eddi khuy\u00ean h\u1ecdc t\u1eadp cho c\u00e1c m\u1ee5c \u0111\u00edch h\u1ecdc t\u1eadp kh\u00e1c nhau<\/p>\n\t\t\t<h4>Th\u1eddi gian c\u1ea7n thi\u1ebft<\/h4>\t\t\n\t\t\t\t<img decoding=\"async\" src=\"https:\/\/tti-c.com\/wp-content\/uploads\/2019\/02\/service-img03.jpg\" alt=\"service-img03\" itemprop=\"image\"\/>\n\t\t\t\t<p>Hi\u1ec3u \u0111\u01b0\u1ee3c s\u1ef1 mong \u0111\u1ee3i c\u1ee7a b\u1ea1n \u0111\u1ec3 \u0111\u1ea1t \u0111\u01b0\u1ee3c m\u1ee5c ti\u00eau trong th\u1eddi gian \u0111\u1eb7t ra<\/p>\n\t\t\t<h4>Nhu c\u1ea7u\u00a0\u0111\u1eb7c bi\u1ec7t kh\u00e1c<\/h4>\t\t\n\t\t\t\t<img decoding=\"async\" src=\"https:\/\/tti-c.com\/wp-content\/uploads\/2019\/02\/service-img04.jpg\" alt=\"service-img04\" itemprop=\"image\"\/>\n\t\t\t\t<p>C\u00e1c c\u00e2u h\u1ecfi ch\u01b0a \u0111\u01b0\u1ee3c li\u1ec7t k\u00ea m\u1eddi b\u1ea1n \u0111\u01b0a ra \u0111\u1ec1 xu\u1ea5t<\/p>\n","protected":false},"excerpt":{"rendered":"<p>L\u1edbp D\u1ea1y Ti\u1ebfng Nh\u1eadt Giao cho Trung t\u00e2m ngo\u1ea1i ng\u1eef\u00a0\u0110\u1ea1i h\u1ecdc&hellip;<\/p>\n","protected":false},"author":1,"featured_media":0,"parent":0,"menu_order":0,"comment_status":"closed","ping_status":"closed","template":"","meta":{"footnotes":""},"class_list":["post-530","page","type-page","status-publish","hentry"],"yoast_head":"<!-- This site is optimized with the Yoast SEO plugin v27.4 - https:\/\/yoast.com\/product\/yoast-seo-wordpress\/ -->\n<title>L\u1edbp D\u1ea1y Ti\u1ebfng Nh\u1eadt - Toan Tam<\/title>\n<meta name=\"robots\" content=\"index, follow, max-snippet:-1, max-image-preview:large, max-video-preview:-1\" \/>\n<link rel=\"canonical\" href=\"https:\/\/tti-c.com\/?page_id=530&lang=vi\" \/>\n<meta property=\"og:locale\" content=\"zh_TW\" \/>\n<meta property=\"og:type\" content=\"article\" \/>\n<meta property=\"og:title\" content=\"L\u1edbp D\u1ea1y Ti\u1ebfng Nh\u1eadt - Toan Tam\" \/>\n<meta property=\"og:description\" content=\"L\u1edbp D\u1ea1y Ti\u1ebfng Nh\u1eadt Giao cho Trung t\u00e2m ngo\u1ea1i ng\u1eef\u00a0\u0110\u1ea1i h\u1ecdc&hellip;\" \/>\n<meta property=\"og:url\" content=\"https:\/\/tti-c.com\/?page_id=530&amp;lang=vi\" \/>\n<meta property=\"og:site_name\" content=\"Toan Tam\" \/>\n<meta property=\"article:modified_time\" content=\"2019-05-29T07:09:16+00:00\" \/>\n<meta property=\"og:image\" content=\"https:\/\/tti-c.com\/wp-content\/uploads\/2019\/02\/teaching-img.jpg\" \/>\n<meta name=\"twitter:card\" content=\"summary_large_image\" \/>\n<meta name=\"twitter:label1\" content=\"\u9810\u4f30\u95b1\u8b80\u6642\u9593\" \/>\n\t<meta name=\"twitter:data1\" content=\"4 \u5206\u9418\" \/>\n<script type=\"application\/ld+json\" class=\"yoast-schema-graph\">{\"@context\":\"https:\\\/\\\/schema.org\",\"@graph\":[{\"@type\":\"WebPage\",\"@id\":\"https:\\\/\\\/tti-c.com\\\/?page_id=530&lang=vi\",\"url\":\"https:\\\/\\\/tti-c.com\\\/?page_id=530&lang=vi\",\"name\":\"L\u1edbp D\u1ea1y Ti\u1ebfng Nh\u1eadt - Toan Tam\",\"isPartOf\":{\"@id\":\"https:\\\/\\\/tti-c.com\\\/#website\"},\"primaryImageOfPage\":{\"@id\":\"https:\\\/\\\/tti-c.com\\\/?page_id=530&lang=vi#primaryimage\"},\"image\":{\"@id\":\"https:\\\/\\\/tti-c.com\\\/?page_id=530&lang=vi#primaryimage\"},\"thumbnailUrl\":\"https:\\\/\\\/tti-c.com\\\/wp-content\\\/uploads\\\/2019\\\/02\\\/teaching-img.jpg\",\"datePublished\":\"2019-03-29T06:29:26+00:00\",\"dateModified\":\"2019-05-29T07:09:16+00:00\",\"breadcrumb\":{\"@id\":\"https:\\\/\\\/tti-c.com\\\/?page_id=530&lang=vi#breadcrumb\"},\"inLanguage\":\"zh-TW\",\"potentialAction\":[{\"@type\":\"ReadAction\",\"target\":[\"https:\\\/\\\/tti-c.com\\\/?page_id=530&lang=vi\"]}]},{\"@type\":\"ImageObject\",\"inLanguage\":\"zh-TW\",\"@id\":\"https:\\\/\\\/tti-c.com\\\/?page_id=530&lang=vi#primaryimage\",\"url\":\"https:\\\/\\\/tti-c.com\\\/wp-content\\\/uploads\\\/2019\\\/02\\\/teaching-img.jpg\",\"contentUrl\":\"https:\\\/\\\/tti-c.com\\\/wp-content\\\/uploads\\\/2019\\\/02\\\/teaching-img.jpg\",\"width\":1200,\"height\":307},{\"@type\":\"BreadcrumbList\",\"@id\":\"https:\\\/\\\/tti-c.com\\\/?page_id=530&lang=vi#breadcrumb\",\"itemListElement\":[{\"@type\":\"ListItem\",\"position\":1,\"name\":\"\u9996\u9801\",\"item\":\"https:\\\/\\\/tti-c.com\\\/\"},{\"@type\":\"ListItem\",\"position\":2,\"name\":\"L\u1edbp D\u1ea1y Ti\u1ebfng Nh\u1eadt\"}]},{\"@type\":\"WebSite\",\"@id\":\"https:\\\/\\\/tti-c.com\\\/#website\",\"url\":\"https:\\\/\\\/tti-c.com\\\/\",\"name\":\"Toan Tam\",\"description\":\"\",\"potentialAction\":[{\"@type\":\"SearchAction\",\"target\":{\"@type\":\"EntryPoint\",\"urlTemplate\":\"https:\\\/\\\/tti-c.com\\\/?s={search_term_string}\"},\"query-input\":{\"@type\":\"PropertyValueSpecification\",\"valueRequired\":true,\"valueName\":\"search_term_string\"}}],\"inLanguage\":\"zh-TW\"}]}<\/script>\n<!-- \/ Yoast SEO plugin. -->","yoast_head_json":{"title":"L\u1edbp D\u1ea1y Ti\u1ebfng Nh\u1eadt - Toan Tam","robots":{"index":"index","follow":"follow","max-snippet":"max-snippet:-1","max-image-preview":"max-image-preview:large","max-video-preview":"max-video-preview:-1"},"canonical":"https:\/\/tti-c.com\/?page_id=530&lang=vi","og_locale":"zh_TW","og_type":"article","og_title":"L\u1edbp D\u1ea1y Ti\u1ebfng Nh\u1eadt - Toan Tam","og_description":"L\u1edbp D\u1ea1y Ti\u1ebfng Nh\u1eadt Giao cho Trung t\u00e2m ngo\u1ea1i ng\u1eef\u00a0\u0110\u1ea1i h\u1ecdc&hellip;","og_url":"https:\/\/tti-c.com\/?page_id=530&lang=vi","og_site_name":"Toan Tam","article_modified_time":"2019-05-29T07:09:16+00:00","og_image":[{"url":"https:\/\/tti-c.com\/wp-content\/uploads\/2019\/02\/teaching-img.jpg","type":"","width":"","height":""}],"twitter_card":"summary_large_image","twitter_misc":{"\u9810\u4f30\u95b1\u8b80\u6642\u9593":"4 \u5206\u9418"},"schema":{"@context":"https:\/\/schema.org","@graph":[{"@type":"WebPage","@id":"https:\/\/tti-c.com\/?page_id=530&lang=vi","url":"https:\/\/tti-c.com\/?page_id=530&lang=vi","name":"L\u1edbp D\u1ea1y Ti\u1ebfng Nh\u1eadt - Toan Tam","isPartOf":{"@id":"https:\/\/tti-c.com\/#website"},"primaryImageOfPage":{"@id":"https:\/\/tti-c.com\/?page_id=530&lang=vi#primaryimage"},"image":{"@id":"https:\/\/tti-c.com\/?page_id=530&lang=vi#primaryimage"},"thumbnailUrl":"https:\/\/tti-c.com\/wp-content\/uploads\/2019\/02\/teaching-img.jpg","datePublished":"2019-03-29T06:29:26+00:00","dateModified":"2019-05-29T07:09:16+00:00","breadcrumb":{"@id":"https:\/\/tti-c.com\/?page_id=530&lang=vi#breadcrumb"},"inLanguage":"zh-TW","potentialAction":[{"@type":"ReadAction","target":["https:\/\/tti-c.com\/?page_id=530&lang=vi"]}]},{"@type":"ImageObject","inLanguage":"zh-TW","@id":"https:\/\/tti-c.com\/?page_id=530&lang=vi#primaryimage","url":"https:\/\/tti-c.com\/wp-content\/uploads\/2019\/02\/teaching-img.jpg","contentUrl":"https:\/\/tti-c.com\/wp-content\/uploads\/2019\/02\/teaching-img.jpg","width":1200,"height":307},{"@type":"BreadcrumbList","@id":"https:\/\/tti-c.com\/?page_id=530&lang=vi#breadcrumb","itemListElement":[{"@type":"ListItem","position":1,"name":"\u9996\u9801","item":"https:\/\/tti-c.com\/"},{"@type":"ListItem","position":2,"name":"L\u1edbp D\u1ea1y Ti\u1ebfng Nh\u1eadt"}]},{"@type":"WebSite","@id":"https:\/\/tti-c.com\/#website","url":"https:\/\/tti-c.com\/","name":"Toan Tam","description":"","potentialAction":[{"@type":"SearchAction","target":{"@type":"EntryPoint","urlTemplate":"https:\/\/tti-c.com\/?s={search_term_string}"},"query-input":{"@type":"PropertyValueSpecification","valueRequired":true,"valueName":"search_term_string"}}],"inLanguage":"zh-TW"}]}},"_links":{"self":[{"href":"https:\/\/tti-c.com\/index.php?rest_route=\/wp\/v2\/pages\/530","targetHints":{"allow":["GET"]}}],"collection":[{"href":"https:\/\/tti-c.com\/index.php?rest_route=\/wp\/v2\/pages"}],"about":[{"href":"https:\/\/tti-c.com\/index.php?rest_route=\/wp\/v2\/types\/page"}],"author":[{"embeddable":true,"href":"https:\/\/tti-c.com\/index.php?rest_route=\/wp\/v2\/users\/1"}],"replies":[{"embeddable":true,"href":"https:\/\/tti-c.com\/index.php?rest_route=%2Fwp%2Fv2%2Fcomments&post=530"}],"version-history":[{"count":7,"href":"https:\/\/tti-c.com\/index.php?rest_route=\/wp\/v2\/pages\/530\/revisions"}],"predecessor-version":[{"id":808,"href":"https:\/\/tti-c.com\/index.php?rest_route=\/wp\/v2\/pages\/530\/revisions\/808"}],"wp:attachment":[{"href":"https:\/\/tti-c.com\/index.php?rest_route=%2Fwp%2Fv2%2Fmedia&parent=530"}],"curies":[{"name":"wp","href":"https:\/\/api.w.org\/{rel}","templated":true}]}}