{"id":363,"date":"2019-03-01T16:45:21","date_gmt":"2019-03-01T07:45:21","guid":{"rendered":"https:\/\/tti-c.com\/?page_id=363"},"modified":"2019-05-30T19:07:36","modified_gmt":"2019-05-30T10:07:36","slug":"dich-vu-tu-van-du-hoc-gioi-thieu-ve-nhat-ban-ke-hoach-hoc-tap-va-phi-dich-vu-gioi-thieu-uu-diem-tu-van-cuoc-song-tai-nhat-ban-cua-du-hoc-huong-dan-hoc-nang-cao-va-lap-ke-hoach-tai-chinh","status":"publish","type":"page","link":"https:\/\/tti-c.com\/?lang=vi","title":{"rendered":"Trang Ch\u1ee7"},"content":{"rendered":"\n\t\t\t<h4><i>TOAN TAM INTERNATIONAL<\/i><\/h4><h1>H\u01b0\u1edbng d\u1eabn t\u1ed1t nh\u1ea5t  tr\u00ean con \u0111\u01b0\u1eddng th\u00e0nh c\u00f4ng c\u1ee7a b\u1ea1n<\/h1>\t\t\t\n\t\t\t<a href=\"\/vi\/vi-contact-and-career\/\" target=\"_self\"   role=\"button\" rel=\"noopener noreferrer\">\n\t\t\t\t\t\t\tLi\u00ean h\u1ec7 ch\u00fang t\u00f4i\n\t\t<\/a>\n\t\t\t<p>&#8211; SERVICE ITEMS &#8211;<\/p><h2>M\u1ee5c D\u1ecbch V\u1ee5<\/h2>\t\t\t\n\t\t\t\t<img loading=\"lazy\" decoding=\"async\" src=\"https:\/\/tti-c.com\/wp-content\/uploads\/2019\/02\/home-service-img.jpg\" alt=\"home-service-img\" itemprop=\"image\" height=\"435\" width=\"600\" title=\"home-service-img\" onerror=\"this.style.display='none'\"  \/>\n\t\t\t<h2>D\u1ecbch V\u1ee5 T\u01b0 V\u1ea5n Du H\u1ecdc<\/h2>\t\t\t\n\t\t\t\t<p>Gi\u00fap B\u1ea1n X\u00e2y D\u1ef1ng T\u01b0\u01a1ng Lai, Gi\u00e0nh V\u1ecb\u00a0Tr\u00ed\u00a0\u0110\u1ea7u Ti\u00ean, Chi\u1ebfn Th\u1eafng\u00a0\u1ede\u00a0\u0110i\u1ec3m Kh\u1edfi\u00a0\u0110\u1ea7u<\/p>\n\t<ul>\n\t\t<li>\t\t\t\t\n\t\tGi\u1edbi Thi\u1ec7u V\u1ec1 Nh\u1eadt B\u1ea3n<\/li><li>\t\t\t\t\n\t\tK\u1ebf ho\u1ea1ch h\u1ecdc t\u1eadp v\u00e0 ph\u00ed d\u1ecbch v\u1ee5<\/li><li>\t\t\t\t\n\t\tGi\u1edbi thi\u1ec7u \u01b0u \u0111i\u1ec3m c\u1ee7a du h\u1ecdc<\/li><li>\t\t\t\t\n\t\tT\u01b0 v\u1ea5n cu\u1ed9c s\u1ed1ng t\u1ea1i nh\u1eadt b\u1ea3n<\/li><li>\t\t\t\t\n\t\tH\u01b0\u1edbng d\u1eabn h\u1ecdc n\u00e2ng cao v\u00e0 l\u1eadp k\u1ebf ho\u1ea1ch t\u00e0i ch\u00ednh<\/li>\t<\/ul>\n\t\t\t<a href=\"\/vi\/vi-education-consulting\/\" target=\"_self\" role=\"button\" rel=\"noopener noreferrer\">\n\t\t\t\t\t\t\tT\u00ecm hi\u1ec3u s\u00e2u h\u01a1n\n\t\t\t\t\t<\/a>\n\t\t\t<h2>Kh\u00f3a H\u1ecdc Ti\u1ebfng Nh\u1eadt<\/h2>\t\t\t\n\t\t\t\t<p>N\u1ed9i Dung Kh\u00f3a H\u1ecdc Chuy\u00ean S\u00e2u Cho\u00a0\u0110\u00e0o T\u1ea1o T\u1ea1i N\u01a1i L\u00e0m Vi\u1ec7c<\/p>\n\t<ul>\n\t\t<li>\t\t\t\t\n\t\tKH\u00d3A H\u1eccC 200 GI\u1edc\u00a0C\u1ea4P T\u1ed0C<\/li><li>\t\t\t\t\n\t\tL\u1edaP H\u1eccC 350 GI\u1edc\u00a0B\u1ed2I D\u01af\u1ee0NG KI\u1ebeN TH\u1ee8C <\/li><li>\t\t\t\t\n\t\tD\u1ea1y h\u1ecdc t\u00f9y bi\u1ebfn<\/li>\t<\/ul>\n\t\t\t<a href=\"\/vi\/vi-japanese-learning\/\" target=\"_self\" role=\"button\" rel=\"noopener noreferrer\">\n\t\t\t\t\t\t\tT\u00ecm hi\u1ec3u s\u00e2u h\u01a1n\n\t\t\t\t\t<\/a>\n\t\t\t\t<img loading=\"lazy\" decoding=\"async\" src=\"https:\/\/tti-c.com\/wp-content\/uploads\/2019\/02\/home-teaching-img.jpg\" alt=\"home-teaching-img\" itemprop=\"image\" height=\"435\" width=\"600\" title=\"home-teaching-img\" onerror=\"this.style.display='none'\"  \/>\n\t\t\t\t<img loading=\"lazy\" decoding=\"async\" src=\"https:\/\/tti-c.com\/wp-content\/uploads\/2019\/02\/home-info-img.jpg\" alt=\"home-info-img\" itemprop=\"image\" height=\"435\" width=\"600\" title=\"home-info-img\" onerror=\"this.style.display='none'\"  \/>\n\t\t\t<h2>Gi\u1edbi Thi\u1ec7u V\u1ec1\u00a0S\u1ea3n Ph\u1ea9m\u00a0\u0110\u1ea7u T\u01b0\u00a0\u0110a Qu\u1ed1c Gia<\/h2>\t\t\t\n\t\t\t\t<p>T\u01b0\u00a0V\u1ea5n\u00a0\u0110\u1ea7u T\u01b0\u00a0C\u1ee7a Nh\u1eadt B\u1ea3n<\/p>\n\t<ul>\n\t\t<li>\t\t\t\t\n\t\tb\u1ea5t \u0111\u1ed9ng s\u1ea3n<\/li><li>\t\t\t\t\n\t\tKinh doanh \u0111\u1ed3 u\u1ed1ng<\/li>\t<\/ul>\n\t\t\t<a href=\"\/vi\/vi-investment\/\" target=\"_self\" role=\"button\" rel=\"noopener noreferrer\">\n\t\t\t\t\t\t\tT\u00ecm hi\u1ec3u s\u00e2u h\u01a1n\n\t\t\t\t\t<\/a>\n\t\t\t<h2>Li\u00ean h\u1ec7 ch\u00fang t\u00f4i<\/h2>\t\t\t\n\t\t\t\t<p>N\u1ebfu b\u1ea1n quan t\u00e2m \u0111\u1ebfn s\u1ea3n ph\u1ea9m ho\u1eb7c d\u1ecbch v\u1ee5 c\u1ee7a ch\u00fang t\u00f4i v\u00e0 mu\u1ed1n bi\u1ebft th\u00eam th\u00f4ng tin v\u1ec1 c\u00f4ng ty, vui l\u00f2ng \u0111\u1ec3 l\u1ea1i tin nh\u1eafn cho ch\u00fang t\u00f4i. Ch\u00fang t\u00f4i s\u1ebd tr\u1ea3 l\u1eddi b\u1ea1n ngay khi nh\u1eadn \u0111\u01b0\u1ee3c th\u00f4ng tin.<\/p>\n\t\t\t<a href=\"\/vi\/vi-contact-and-career\/\" target=\"_self\" role=\"button\" rel=\"noopener noreferrer\">\n\t\t\t\t\t\t\tLi\u00ean h\u1ec7 ch\u00fang t\u00f4i\n\t\t\t\t\t<\/a>\n\t\t\t<p>&#8211; OUR PARTNER &#8211;<\/p><h2>\u0110\u1ed1i T\u00e1c<\/h2>\t\t\t\n\t\t\t\t<img loading=\"lazy\" decoding=\"async\" src=\"https:\/\/tti-c.com\/wp-content\/uploads\/2019\/02\/partner-img01.jpg\" alt=\"partner-img01\" itemprop=\"image\" height=\"248\" width=\"379\" title=\"partner-img01\" onerror=\"this.style.display='none'\"  \/>\n\t<p>Trung T\u00e2m Ngo\u1ea1i Ng\u1eef Tr\u01b0\u1eddng \u0110\u1ea1i H\u1ecdc C\u1ea7n Th\u01a1<\/p>\n\t\t\t\t<img loading=\"lazy\" decoding=\"async\" src=\"https:\/\/tti-c.com\/wp-content\/uploads\/2019\/02\/partner-img02.jpg\" alt=\"partner-img02\" itemprop=\"image\" height=\"248\" width=\"380\" title=\"partner-img02\" onerror=\"this.style.display='none'\"  \/>\n\t<p>Ba tr\u01b0\u1eddng ngo\u1ea1i ng\u1eef \u0111\u00e3 ho\u1ea1t \u0111\u1ed9ng \u0111\u01b0\u1ee3c v\u00e0i n\u0103m v\u00e0 g\u1ea7n TOKYO Nh\u1eadt B\u1ea3n l\u00e0 nh\u1eefng tr\u01b0\u1eddng h\u1ee3p t\u00e1c ch\u00ednh.<\/p>\n\t\t\t\t<img loading=\"lazy\" decoding=\"async\" src=\"https:\/\/tti-c.com\/wp-content\/uploads\/2019\/02\/partner-img03.jpg\" alt=\"partner-img03\" itemprop=\"image\" height=\"248\" width=\"381\" title=\"partner-img03\" onerror=\"this.style.display='none'\"  \/>\n\t<p>Ng\u00e0nh kinh doanh h\u1ee3p t\u00e1c v\u1edbi c\u00f4ng ty Nh\u1eadt B\u1ea3n l\u00e0: B\u1ea5t \u0111\u1ed9ng s\u1ea3n,Nh\u00e2n l\u1ef1c v\u00e0 c\u00e1c s\u1ea3n ph\u1ea9m \u0111\u1ea7u t\u01b0 nh\u01b0 c\u00e1c d\u1ef1 \u00e1n d\u1ecbch v\u1ee5 l\u1edbn<\/p>\n","protected":false},"excerpt":{"rendered":"<p>TOAN TAM INTERNATIONAL H\u01b0\u1edbng d\u1eabn t\u1ed1t nh\u1ea5t tr\u00ean con \u0111\u01b0\u1eddn&hellip;<\/p>\n","protected":false},"author":1,"featured_media":0,"parent":0,"menu_order":0,"comment_status":"closed","ping_status":"closed","template":"","meta":{"footnotes":""},"class_list":["post-363","page","type-page","status-publish","hentry"],"yoast_head":"<!-- This site is optimized with the Yoast SEO plugin v27.4 - https:\/\/yoast.com\/product\/yoast-seo-wordpress\/ -->\n<title>TOAN TAM INTERNATIONAL | H\u01b0\u1edbng d\u1eabn t\u1ed1t nh\u1ea5t tr\u00ean con \u0111\u01b0\u1eddng th\u00e0nh c\u00f4ng c\u1ee7a b\u1ea1n<\/title>\n<meta name=\"description\" content=\"N\u1ed8I DUNG T\u01af V\u1ea4N DU H\u1eccC, K\u1ebf Ho\u1ea1ch Du H\u1ecdc, D\u1ecbch Thu\u1eadt Gi\u1ea5y T\u1edd Sang Ti\u1ebfng Nh\u1eadt, H\u1ecdc T\u1eadp V\u00e0 L\u00e0m Vi\u1ec7c Ph\u00f9 H\u1ee3p, H\u01b0\u1edbng D\u1eabn L\u1ef1a Ch\u1ecdn H\u1ecdc N\u00e2ng Cao\" \/>\n<meta name=\"robots\" content=\"index, follow, max-snippet:-1, max-image-preview:large, max-video-preview:-1\" \/>\n<link rel=\"canonical\" href=\"https:\/\/tti-c.com\/?lang=vi\" \/>\n<meta property=\"og:locale\" content=\"zh_TW\" \/>\n<meta property=\"og:type\" content=\"article\" \/>\n<meta property=\"og:title\" content=\"TOAN TAM INTERNATIONAL | H\u01b0\u1edbng d\u1eabn t\u1ed1t nh\u1ea5t tr\u00ean con \u0111\u01b0\u1eddng th\u00e0nh c\u00f4ng c\u1ee7a b\u1ea1n\" \/>\n<meta property=\"og:description\" content=\"N\u1ed8I DUNG T\u01af V\u1ea4N DU H\u1eccC, K\u1ebf Ho\u1ea1ch Du H\u1ecdc, D\u1ecbch Thu\u1eadt Gi\u1ea5y T\u1edd Sang Ti\u1ebfng Nh\u1eadt, H\u1ecdc T\u1eadp V\u00e0 L\u00e0m Vi\u1ec7c Ph\u00f9 H\u1ee3p, H\u01b0\u1edbng D\u1eabn L\u1ef1a Ch\u1ecdn H\u1ecdc N\u00e2ng Cao\" \/>\n<meta property=\"og:url\" content=\"https:\/\/tti-c.com\/?lang=vi\" \/>\n<meta property=\"og:site_name\" content=\"Toan Tam\" \/>\n<meta property=\"article:modified_time\" content=\"2019-05-30T10:07:36+00:00\" \/>\n<meta property=\"og:image\" content=\"https:\/\/tti-c.com\/wp-content\/uploads\/2019\/02\/home-service-img.jpg\" \/>\n<meta name=\"twitter:card\" content=\"summary_large_image\" \/>\n<meta name=\"twitter:label1\" content=\"\u9810\u4f30\u95b1\u8b80\u6642\u9593\" \/>\n\t<meta name=\"twitter:data1\" content=\"2 \u5206\u9418\" \/>\n<script type=\"application\/ld+json\" class=\"yoast-schema-graph\">{\"@context\":\"https:\\\/\\\/schema.org\",\"@graph\":[{\"@type\":\"WebPage\",\"@id\":\"https:\\\/\\\/tti-c.com\\\/?lang=vi\",\"url\":\"https:\\\/\\\/tti-c.com\\\/?lang=vi\",\"name\":\"TOAN TAM INTERNATIONAL | H\u01b0\u1edbng d\u1eabn t\u1ed1t nh\u1ea5t tr\u00ean con \u0111\u01b0\u1eddng th\u00e0nh c\u00f4ng c\u1ee7a b\u1ea1n\",\"isPartOf\":{\"@id\":\"https:\\\/\\\/tti-c.com\\\/#website\"},\"primaryImageOfPage\":{\"@id\":\"https:\\\/\\\/tti-c.com\\\/?lang=vi#primaryimage\"},\"image\":{\"@id\":\"https:\\\/\\\/tti-c.com\\\/?lang=vi#primaryimage\"},\"thumbnailUrl\":\"https:\\\/\\\/tti-c.com\\\/wp-content\\\/uploads\\\/2019\\\/02\\\/home-service-img.jpg\",\"datePublished\":\"2019-03-01T07:45:21+00:00\",\"dateModified\":\"2019-05-30T10:07:36+00:00\",\"description\":\"N\u1ed8I DUNG T\u01af V\u1ea4N DU H\u1eccC, K\u1ebf Ho\u1ea1ch Du H\u1ecdc, D\u1ecbch Thu\u1eadt Gi\u1ea5y T\u1edd Sang Ti\u1ebfng Nh\u1eadt, H\u1ecdc T\u1eadp V\u00e0 L\u00e0m Vi\u1ec7c Ph\u00f9 H\u1ee3p, H\u01b0\u1edbng D\u1eabn L\u1ef1a Ch\u1ecdn H\u1ecdc N\u00e2ng Cao\",\"breadcrumb\":{\"@id\":\"https:\\\/\\\/tti-c.com\\\/?lang=vi#breadcrumb\"},\"inLanguage\":\"zh-TW\",\"potentialAction\":[{\"@type\":\"ReadAction\",\"target\":[\"https:\\\/\\\/tti-c.com\\\/?lang=vi\"]}]},{\"@type\":\"ImageObject\",\"inLanguage\":\"zh-TW\",\"@id\":\"https:\\\/\\\/tti-c.com\\\/?lang=vi#primaryimage\",\"url\":\"https:\\\/\\\/tti-c.com\\\/wp-content\\\/uploads\\\/2019\\\/02\\\/home-service-img.jpg\",\"contentUrl\":\"https:\\\/\\\/tti-c.com\\\/wp-content\\\/uploads\\\/2019\\\/02\\\/home-service-img.jpg\",\"width\":600,\"height\":435},{\"@type\":\"BreadcrumbList\",\"@id\":\"https:\\\/\\\/tti-c.com\\\/?lang=vi#breadcrumb\",\"itemListElement\":[{\"@type\":\"ListItem\",\"position\":1,\"name\":\"\u9996\u9801\",\"item\":\"https:\\\/\\\/tti-c.com\\\/\"},{\"@type\":\"ListItem\",\"position\":2,\"name\":\"Trang Ch\u1ee7\"}]},{\"@type\":\"WebSite\",\"@id\":\"https:\\\/\\\/tti-c.com\\\/#website\",\"url\":\"https:\\\/\\\/tti-c.com\\\/\",\"name\":\"Toan Tam\",\"description\":\"\",\"potentialAction\":[{\"@type\":\"SearchAction\",\"target\":{\"@type\":\"EntryPoint\",\"urlTemplate\":\"https:\\\/\\\/tti-c.com\\\/?s={search_term_string}\"},\"query-input\":{\"@type\":\"PropertyValueSpecification\",\"valueRequired\":true,\"valueName\":\"search_term_string\"}}],\"inLanguage\":\"zh-TW\"}]}<\/script>\n<!-- \/ Yoast SEO plugin. -->","yoast_head_json":{"title":"TOAN TAM INTERNATIONAL | H\u01b0\u1edbng d\u1eabn t\u1ed1t nh\u1ea5t tr\u00ean con \u0111\u01b0\u1eddng th\u00e0nh c\u00f4ng c\u1ee7a b\u1ea1n","description":"N\u1ed8I DUNG T\u01af V\u1ea4N DU H\u1eccC, K\u1ebf Ho\u1ea1ch Du H\u1ecdc, D\u1ecbch Thu\u1eadt Gi\u1ea5y T\u1edd Sang Ti\u1ebfng Nh\u1eadt, H\u1ecdc T\u1eadp V\u00e0 L\u00e0m Vi\u1ec7c Ph\u00f9 H\u1ee3p, H\u01b0\u1edbng D\u1eabn L\u1ef1a Ch\u1ecdn H\u1ecdc N\u00e2ng Cao","robots":{"index":"index","follow":"follow","max-snippet":"max-snippet:-1","max-image-preview":"max-image-preview:large","max-video-preview":"max-video-preview:-1"},"canonical":"https:\/\/tti-c.com\/?lang=vi","og_locale":"zh_TW","og_type":"article","og_title":"TOAN TAM INTERNATIONAL | H\u01b0\u1edbng d\u1eabn t\u1ed1t nh\u1ea5t tr\u00ean con \u0111\u01b0\u1eddng th\u00e0nh c\u00f4ng c\u1ee7a b\u1ea1n","og_description":"N\u1ed8I DUNG T\u01af V\u1ea4N DU H\u1eccC, K\u1ebf Ho\u1ea1ch Du H\u1ecdc, D\u1ecbch Thu\u1eadt Gi\u1ea5y T\u1edd Sang Ti\u1ebfng Nh\u1eadt, H\u1ecdc T\u1eadp V\u00e0 L\u00e0m Vi\u1ec7c Ph\u00f9 H\u1ee3p, H\u01b0\u1edbng D\u1eabn L\u1ef1a Ch\u1ecdn H\u1ecdc N\u00e2ng Cao","og_url":"https:\/\/tti-c.com\/?lang=vi","og_site_name":"Toan Tam","article_modified_time":"2019-05-30T10:07:36+00:00","og_image":[{"url":"https:\/\/tti-c.com\/wp-content\/uploads\/2019\/02\/home-service-img.jpg","type":"","width":"","height":""}],"twitter_card":"summary_large_image","twitter_misc":{"\u9810\u4f30\u95b1\u8b80\u6642\u9593":"2 \u5206\u9418"},"schema":{"@context":"https:\/\/schema.org","@graph":[{"@type":"WebPage","@id":"https:\/\/tti-c.com\/?lang=vi","url":"https:\/\/tti-c.com\/?lang=vi","name":"TOAN TAM INTERNATIONAL | H\u01b0\u1edbng d\u1eabn t\u1ed1t nh\u1ea5t tr\u00ean con \u0111\u01b0\u1eddng th\u00e0nh c\u00f4ng c\u1ee7a b\u1ea1n","isPartOf":{"@id":"https:\/\/tti-c.com\/#website"},"primaryImageOfPage":{"@id":"https:\/\/tti-c.com\/?lang=vi#primaryimage"},"image":{"@id":"https:\/\/tti-c.com\/?lang=vi#primaryimage"},"thumbnailUrl":"https:\/\/tti-c.com\/wp-content\/uploads\/2019\/02\/home-service-img.jpg","datePublished":"2019-03-01T07:45:21+00:00","dateModified":"2019-05-30T10:07:36+00:00","description":"N\u1ed8I DUNG T\u01af V\u1ea4N DU H\u1eccC, K\u1ebf Ho\u1ea1ch Du H\u1ecdc, D\u1ecbch Thu\u1eadt Gi\u1ea5y T\u1edd Sang Ti\u1ebfng Nh\u1eadt, H\u1ecdc T\u1eadp V\u00e0 L\u00e0m Vi\u1ec7c Ph\u00f9 H\u1ee3p, H\u01b0\u1edbng D\u1eabn L\u1ef1a Ch\u1ecdn H\u1ecdc N\u00e2ng Cao","breadcrumb":{"@id":"https:\/\/tti-c.com\/?lang=vi#breadcrumb"},"inLanguage":"zh-TW","potentialAction":[{"@type":"ReadAction","target":["https:\/\/tti-c.com\/?lang=vi"]}]},{"@type":"ImageObject","inLanguage":"zh-TW","@id":"https:\/\/tti-c.com\/?lang=vi#primaryimage","url":"https:\/\/tti-c.com\/wp-content\/uploads\/2019\/02\/home-service-img.jpg","contentUrl":"https:\/\/tti-c.com\/wp-content\/uploads\/2019\/02\/home-service-img.jpg","width":600,"height":435},{"@type":"BreadcrumbList","@id":"https:\/\/tti-c.com\/?lang=vi#breadcrumb","itemListElement":[{"@type":"ListItem","position":1,"name":"\u9996\u9801","item":"https:\/\/tti-c.com\/"},{"@type":"ListItem","position":2,"name":"Trang Ch\u1ee7"}]},{"@type":"WebSite","@id":"https:\/\/tti-c.com\/#website","url":"https:\/\/tti-c.com\/","name":"Toan Tam","description":"","potentialAction":[{"@type":"SearchAction","target":{"@type":"EntryPoint","urlTemplate":"https:\/\/tti-c.com\/?s={search_term_string}"},"query-input":{"@type":"PropertyValueSpecification","valueRequired":true,"valueName":"search_term_string"}}],"inLanguage":"zh-TW"}]}},"_links":{"self":[{"href":"https:\/\/tti-c.com\/index.php?rest_route=\/wp\/v2\/pages\/363","targetHints":{"allow":["GET"]}}],"collection":[{"href":"https:\/\/tti-c.com\/index.php?rest_route=\/wp\/v2\/pages"}],"about":[{"href":"https:\/\/tti-c.com\/index.php?rest_route=\/wp\/v2\/types\/page"}],"author":[{"embeddable":true,"href":"https:\/\/tti-c.com\/index.php?rest_route=\/wp\/v2\/users\/1"}],"replies":[{"embeddable":true,"href":"https:\/\/tti-c.com\/index.php?rest_route=%2Fwp%2Fv2%2Fcomments&post=363"}],"version-history":[{"count":16,"href":"https:\/\/tti-c.com\/index.php?rest_route=\/wp\/v2\/pages\/363\/revisions"}],"predecessor-version":[{"id":901,"href":"https:\/\/tti-c.com\/index.php?rest_route=\/wp\/v2\/pages\/363\/revisions\/901"}],"wp:attachment":[{"href":"https:\/\/tti-c.com\/index.php?rest_route=%2Fwp%2Fv2%2Fmedia&parent=363"}],"curies":[{"name":"wp","href":"https:\/\/api.w.org\/{rel}","templated":true}]}}